{"id":13462,"date":"2025-05-21T17:34:47","date_gmt":"2025-05-21T17:34:47","guid":{"rendered":"https:\/\/wortmagie-freie-rednerin.de\/?page_id=13462"},"modified":"2025-05-21T19:30:36","modified_gmt":"2025-05-21T19:30:36","slug":"abschied","status":"publish","type":"page","link":"https:\/\/wortmagie-freie-rednerin.de\/en\/abschied\/","title":{"rendered":"Wortmagie &#8211; Abschied"},"content":{"rendered":"<div class=\"wpb-content-wrapper\"><div class=\"vc_row wpb_row vc_row-fluid mkd-section vc_custom_1742305241340 mkd-content-aligment-left\" style=\"\"><div class=\"clearfix mkd-full-section-inner\"><div class=\"wpb_column vc_column_container vc_col-sm-12\"><div class=\"vc_column-inner vc_custom_1743020759135\"><div class=\"wpb_wrapper\"><div class=\"mkd-elements-holder mkd-two-columns mkd-responsive-mode-1024 mkd-one-column-alignment-left\" ><div class=\"mkd-elements-holder-item mkd-horizontal-alignment-left\" data-item-class=\"mkd-elements-holder-custom-714857\" data-1280-1440=\"10% 5% 10% 5%\" data-1024-1280=\"10% 5% 10% 5%\" data-768-1024=\"10% 10% 10% 10%\" data-600-768=\"15% 5% 15% 7%\" data-480-600=\"15% 5% 15% 7%\" data-480=\"15% 5% 15% 7%\" style=\"background-image: url(https:\/\/wortmagie-freie-rednerin.de\/wp-content\/uploads\/2025\/05\/IMG_9476.jpeg)\">\n\t<div class=\"mkd-elements-holder-item-inner\" style=\"mkd-elements-holder-item-inner\">\n\t\t<div class=\"mkd-elements-holder-item-content mkd-elements-holder-custom-714857\" >\n\t\t\t\n<h2 class=\"mkd-custom-font-holder\" style=\"font-family: Raleway;font-size: 60px;font-weight: 500;text-align: left;color: #ffffff\" data-font-size= \"60\">\nAbschied<\/h2><div data-original-height=\"18\" class=\"vc_empty_space  vc_custom_1741863483127\"  style=\"&quot;height:\" 18px&quot;>\n\t<span class=\"vc_empty_space_inner\"><\/span><\/div>\n\n<h4 class=\"mkd-custom-font-holder\" style=\"font-family: Raleway;font-size: 20px;font-weight: 500;text-transform: Uppercase;text-align: left;color: #ffffff\" data-font-size= \"20\">\nAuch der Abschied geh\u00f6rt zum Leben. Als freie Rednerin begleite ich nicht nur gl\u00fcckliche Anl\u00e4sse, sondern auch die stillen und schweren Momente. Auf meiner Seite \u201eWortmagie Trauerbegleitung\u201c findest du Informationen zu individuellen Trauerreden, Zeremonien und einf\u00fchlsamer Begleitung in Zeiten der Trauer. Mit Herz, Respekt und den passenden Worten schaffe ich Raum f\u00fcr Erinnerung, Dankbarkeit und liebevolles Loslassen.<\/h4>\t\t<\/div>\n\t<\/div>\n<\/div><div class=\"mkd-elements-holder-item mkd-horizontal-alignment-right\" data-item-class=\"mkd-elements-holder-custom-681091\" data-1280-1440=\"10% 10% 14% 10%\" data-1024-1280=\"10% 10% 14% 10%\" data-768-1024=\"10% 10% 14% 10%\" data-600-768=\"10% 10% 14% 10&amp;\" data-480-600=\"80px 10%\" data-480=\"80px 10%\" style=\"background-color: #fafafa\">\n\t<div class=\"mkd-elements-holder-item-inner\" style=\"mkd-elements-holder-item-inner\">\n\t\t<div class=\"mkd-elements-holder-item-content mkd-elements-holder-custom-681091\" style=\"padding: 10% 10% 10% 10%\">\n\t\t\t\n\t<div class=\"wpb_text_column wpb_content_element vc_custom_1747854971868\" >\n\t\t<div class=\"wpb_wrapper\">\n\t\t\t<h3 style=\"text-align: left;\">Wenn Worte tragen d\u00fcrfen \u2013 Begleitung in Zeiten des Abschieds<\/h3>\n\n\t\t<\/div>\n\t<\/div>\n<div data-original-height=\"15\" class=\"vc_empty_space  vc_custom_1742318267194\"  style=\"&quot;height:\" 15px&quot;>\n\t<span class=\"vc_empty_space_inner\"><\/span><\/div>\n<div class=\"mkd-section-subtitle-holder mkd-section-subtitle-left\" style=\"width: 94%\">\n\t<p style=\"color: #645c84;text-align: left\" class=\"mkd-section-subtitle\">einf\u00fchlsam. w\u00fcrdevoll. authentisch<\/p>\n<\/div><div data-original-height=\"15\" class=\"vc_empty_space  vc_custom_1741503194383\"  style=\"&quot;height:\" 15px&quot;>\n\t<span class=\"vc_empty_space_inner\"><\/span><\/div>\n\n\t<div class=\"wpb_text_column wpb_content_element vc_custom_1747854986244\" >\n\t\t<div class=\"wpb_wrapper\">\n\t\t\t<p style=\"text-align: left;\">Wenn du mehr \u00fcber meine Arbeit als Trauerrednerin und Begleitung in schweren Zeiten erfahren m\u00f6chtest, besuche gerne meine Seite zur Trauerbegleitung:<\/p>\n\n\t\t<\/div>\n\t<\/div>\n<div data-original-height=\"50\" class=\"vc_empty_space\"  style=\"&quot;height:\" 50px&quot;>\n\t<span class=\"vc_empty_space_inner\"><\/span><\/div>\n<a href=\"https:\/\/wortmagie-trauerbegleitung.de\" target=\"_self\" style=\"color: #BCB8B6;border-color: #686565;font-weight: 400;padding: 20;margin: 20\" class=\"mkd-btn mkd-btn-medium mkd-btn-solid mkd-btn-custom-hover-bg mkd-btn-custom-border-hover mkd-btn-custom-hover-color mkd-btn-hover-outline\" data-hover-bg-color=\"#CEC3C3\" data-hover-color=\"#7E7C7B\" data-hover-border-color=\"#615D5D\" >\n\t<span class=\"mkd-btn-text\">Wortmagie Trauerbegleitung<\/span>\n\t\n\t\t\t<span class=\"mkd-btn-helper\" style=\"background-color: #CEC3C3\"><\/span>\n\t<\/a>\t\t<\/div>\n\t<\/div>\n<\/div><\/div><\/div><\/div><\/div><\/div><\/div>\n<\/div>","protected":false},"excerpt":{"rendered":"Abschied Auch der Abschied geh\u00f6rt zum Leben. Als freie Rednerin begleite ich nicht nur gl\u00fcckliche Anl\u00e4sse, sondern auch die stillen und schweren Momente. Auf meiner Seite \u201eWortmagie Trauerbegleitung\u201c findest du Informationen zu individuellen Trauerreden, Zeremonien und einf\u00fchlsamer Begleitung in Zeiten der Trauer. Mit Herz, Respekt...","protected":false},"author":1,"featured_media":0,"parent":0,"menu_order":0,"comment_status":"closed","ping_status":"closed","template":"full-width.php","meta":{"inline_featured_image":false,"footnotes":""},"class_list":["post-13462","page","type-page","status-publish","hentry"],"aioseo_notices":[],"_links":{"self":[{"href":"https:\/\/wortmagie-freie-rednerin.de\/en\/wp-json\/wp\/v2\/pages\/13462","targetHints":{"allow":["GET"]}}],"collection":[{"href":"https:\/\/wortmagie-freie-rednerin.de\/en\/wp-json\/wp\/v2\/pages"}],"about":[{"href":"https:\/\/wortmagie-freie-rednerin.de\/en\/wp-json\/wp\/v2\/types\/page"}],"author":[{"embeddable":true,"href":"https:\/\/wortmagie-freie-rednerin.de\/en\/wp-json\/wp\/v2\/users\/1"}],"replies":[{"embeddable":true,"href":"https:\/\/wortmagie-freie-rednerin.de\/en\/wp-json\/wp\/v2\/comments?post=13462"}],"version-history":[{"count":0,"href":"https:\/\/wortmagie-freie-rednerin.de\/en\/wp-json\/wp\/v2\/pages\/13462\/revisions"}],"wp:attachment":[{"href":"https:\/\/wortmagie-freie-rednerin.de\/en\/wp-json\/wp\/v2\/media?parent=13462"}],"curies":[{"name":"wp","href":"https:\/\/api.w.org\/{rel}","templated":true}]}}