{"id":13449,"date":"2025-05-19T16:48:57","date_gmt":"2025-05-19T16:48:57","guid":{"rendered":"https:\/\/wortmagie-freie-rednerin.de\/?page_id=13449"},"modified":"2026-03-28T17:16:00","modified_gmt":"2026-03-28T17:16:00","slug":"wortmagie-partner","status":"publish","type":"page","link":"https:\/\/wortmagie-freie-rednerin.de\/en\/wortmagie-partner\/","title":{"rendered":"Wortmagie &#8211; Partner"},"content":{"rendered":"<div class=\"wpb-content-wrapper\"><div class=\"vc_row wpb_row vc_row-fluid mkd-section vc_custom_1486049191185 mkd-content-aligment-left mkd-grid-section\" style=\"\"><div class=\"clearfix mkd-section-inner\"><div class=\"mkd-section-inner-margin clearfix\"><div class=\"wpb_column vc_column_container vc_col-sm-12\"><div class=\"vc_column-inner vc_custom_1742154960523\"><div class=\"wpb_wrapper\"><div class=\"mkd-section-title-holder\">\n\t<h2 class=\"mkd-section-title\" style=\"text-align: center\">\n\t\tMeine Partner    <\/h2>\n<\/div><div class=\"mkd-separator-with-icon-holder clearfix mkd-default-icon\" style=\"margin-top: 7px;margin-bottom: 18px\">\n\n\t<span class=\"mkd-separator-left\" ><\/span>\n\t\t\t<div class=\"mkd-default-icon-holder\" ><\/div>\n\t\t<span class=\"mkd-separator-right\" ><\/span>\n<\/div><div data-original-height=\"32\" class=\"vc_empty_space\"  style=\"&quot;height:\" 32px&quot;>\n\t<span class=\"vc_empty_space_inner\"><\/span><\/div>\n\n\t<div class=\"wpb_text_column wpb_content_element vc_custom_1747653068559\" >\n\t\t<div class=\"wpb_wrapper\">\n\t\t\t<h4 style=\"text-align: center;\"><strong>Mit den Richtigen l\u00e4uft\u00b4s rund!<\/strong><\/h4>\n<p>&nbsp;<\/p>\n<p style=\"text-align: center;\">Mal ehrlich: auch der beste Dienstleister ist nur so gut, wie die Leute, mit denen er zusammenarbeitet. Deshalb findest du hier meine Lieblings-Partner &#8211; kreative K\u00f6pfe, zuverl\u00e4ssige Profis und echte M\u00f6glichmacher. Gemeinsam sorgen wir daf\u00fcr, dass es nicht nur l\u00e4uft, sondern richtig gut wird.<\/p>\n\n\t\t<\/div>\n\t<\/div>\n<\/div><\/div><\/div><\/div><\/div><\/div><div class=\"vc_row wpb_row vc_row-fluid mkd-section vc_custom_1747658853493 mkd-content-aligment-left\" style=\"\"><div class=\"clearfix mkd-full-section-inner\"><div class=\"wpb_column vc_column_container vc_col-sm-6 vc_col-has-fill\"><div class=\"vc_column-inner vc_custom_1747658410096\"><div class=\"wpb_wrapper\">\t<div class=\"mkd-box-item-holder mkd-box-shadow\" style=\"background-color: #dfd9e2\" >\n\t    <div class=\"vc-hoverbox-wrapper  vc-hoverbox-shape--rounded vc-hoverbox-align--center vc-hoverbox-direction--default vc-hoverbox-width--90\"  ontouchstart=\"\">\n  <div class=\"vc-hoverbox\">\n    <div class=\"vc-hoverbox-inner\">\n      <div class=\"vc-hoverbox-block vc-hoverbox-front\" style=\"background-image: url(https:\/\/wortmagie-freie-rednerin.de\/wp-content\/uploads\/2016\/05\/port4-img-1-1024x962.jpg);\">\n        <div class=\"vc-hoverbox-block-inner vc-hoverbox-front-inner\">\n            <h2 style=\"text-align:center\">Wedding-Planner<\/h2>\n        <\/div>\n      <\/div>\n      <div class=\"vc-hoverbox-block vc-hoverbox-back\" style=\"background-color: #ebebeb;\">\n        <div class=\"vc-hoverbox-block-inner vc-hoverbox-back-inner\">\n            \n            <p><strong><a href=\"http:\/\/www.gloriosa-wedding.de\" target=\"_blank\" rel=\"noopener\">Gloriosa &#8211; Wedding &amp; Flowers<\/a><\/strong><\/p>\n<p><strong><a href=\"https:\/\/www.instagram.com\/toerneround_hochzeitsplanung?igsh=bmo5YW1nZ2wxNjhu\">T\u00f6rneround Hochzeitsplanung by Christina T\u00f6rner<\/a><\/strong><\/p>\n<p><strong><a href=\"http:\/\/www.aquamarin-weddings.de\" target=\"_blank\" rel=\"noopener\">Aquamarin Weddings<\/a><\/strong><\/p>\n\n            \n        <\/div>\n      <\/div>\n    <\/div>\n  <\/div>\n<\/div>\t<\/div>\n\t<div class=\"mkd-box-item-holder mkd-box-shadow\" style=\"background-color: #dfd9e2\" >\n\t    <div class=\"vc-hoverbox-wrapper  vc-hoverbox-shape--rounded vc-hoverbox-align--center vc-hoverbox-direction--default vc-hoverbox-width--90\"  ontouchstart=\"\">\n  <div class=\"vc-hoverbox\">\n    <div class=\"vc-hoverbox-inner\">\n      <div class=\"vc-hoverbox-block vc-hoverbox-front\" style=\"background-image: url(https:\/\/wortmagie-freie-rednerin.de\/wp-content\/uploads\/2017\/01\/home-furniture-video-1-img-1024x576.jpg);\">\n        <div class=\"vc-hoverbox-block-inner vc-hoverbox-front-inner\">\n            <h2 style=\"text-align:center\">Locations<\/h2>\n        <\/div>\n      <\/div>\n      <div class=\"vc-hoverbox-block vc-hoverbox-back\" style=\"background-color: #ebebeb;\">\n        <div class=\"vc-hoverbox-block-inner vc-hoverbox-back-inner\">\n            \n            <p><strong><a href=\"https:\/\/www.hofgut-algertshausen.de\/\">Hofgut Algertshausen &#8211; Eresing<\/a><\/strong><\/p>\n<p><strong><a href=\"https:\/\/das-drexels.de\/\">Das Drexel\u2018s &#8211; Edenhausen<\/a><\/strong><\/p>\n<p><strong><a href=\"https:\/\/www.bueffelhof-beuerbach.de\/\">B\u00fcffelhof &#8211; Beuerbach<\/a><\/strong><\/p>\n<p><strong><a href=\"http:\/\/www.lager-3.de\" target=\"_blank\" rel=\"noopener\">Lager 3 &#8211; Bad W\u00f6rishofen<\/a><\/strong><\/p>\n<p><strong><a href=\"https:\/\/www.schloss-blumenthal.de\/\">Schloss Blumenthal &#8211; Aichach<\/a><\/strong><\/p>\n\n            \n        <\/div>\n      <\/div>\n    <\/div>\n  <\/div>\n<\/div>\t<\/div>\n\t<div class=\"mkd-box-item-holder mkd-box-shadow\" style=\"background-color: #dfd9e2\" >\n\t    <div class=\"vc-hoverbox-wrapper  vc-hoverbox-shape--rounded vc-hoverbox-align--center vc-hoverbox-direction--default vc-hoverbox-width--90\"  ontouchstart=\"\">\n  <div class=\"vc-hoverbox\">\n    <div class=\"vc-hoverbox-inner\">\n      <div class=\"vc-hoverbox-block vc-hoverbox-front\" style=\"background-image: url(https:\/\/wortmagie-freie-rednerin.de\/wp-content\/uploads\/2016\/06\/product-5-gallery-2.jpg);\">\n        <div class=\"vc-hoverbox-block-inner vc-hoverbox-front-inner\">\n            <h2 style=\"text-align:center\">Brautmoden<\/h2>\n        <\/div>\n      <\/div>\n      <div class=\"vc-hoverbox-block vc-hoverbox-back\" style=\"background-color: #ebebeb;\">\n        <div class=\"vc-hoverbox-block-inner vc-hoverbox-back-inner\">\n            \n            <p><strong><a href=\"https:\/\/www.bessernaehen.de\/\">Besser n\u00e4hen by Amelie Grabner<\/a><\/strong><\/p>\n<p><strong><a href=\"\/en\/www.traumwelt-lautenbacher.de\/\" target=\"_blank\" rel=\"noopener\">Traumwelt Lautenbacher<\/a><\/strong><\/p>\n<p><strong><a href=\"\/en\/www.brautmoden-claudia.de\/\" target=\"_blank\" rel=\"noopener\">Brautmoden Claudia im Schloss<\/a><\/strong><\/p>\n<p><strong><a href=\"\/en\/www.maerchenweiss.de\/\" target=\"_blank\" rel=\"noopener\">M\u00e4rchenweiss Brautmoden<\/a><\/strong><\/p>\n\n            \n        <\/div>\n      <\/div>\n    <\/div>\n  <\/div>\n<\/div>\t<\/div>\n\t<div class=\"mkd-box-item-holder mkd-box-shadow\" style=\"background-color: #dfd9e2\" >\n\t    <div class=\"vc-hoverbox-wrapper  vc-hoverbox-shape--rounded vc-hoverbox-align--center vc-hoverbox-direction--default vc-hoverbox-width--90\"  ontouchstart=\"\">\n  <div class=\"vc-hoverbox\">\n    <div class=\"vc-hoverbox-inner\">\n      <div class=\"vc-hoverbox-block vc-hoverbox-front\" style=\"background-image: url(https:\/\/wortmagie-freie-rednerin.de\/wp-content\/uploads\/2017\/02\/home-cakes-img-3.jpg);\">\n        <div class=\"vc-hoverbox-block-inner vc-hoverbox-front-inner\">\n            <h2 style=\"text-align:center\">Konditoren<\/h2>\n        <\/div>\n      <\/div>\n      <div class=\"vc-hoverbox-block vc-hoverbox-back\" style=\"background-color: #ebebeb;\">\n        <div class=\"vc-hoverbox-block-inner vc-hoverbox-back-inner\">\n            \n            <p><strong><a href=\"https:\/\/www.rafiness.de\/\">Rafiness Patisserie<\/a><\/strong><\/p>\n<p><strong><a href=\"https:\/\/www.instagram.com\/patisserie_koenig?igsh=Y2YwcGp1Znl5dnhq\">Patisserie K\u00f6nig<\/a><\/strong><\/p>\n<p><strong><a href=\"http:\/\/www.cafe-maribelle.de\" target=\"_blank\" rel=\"noopener\">Maribelle &#8211; Das Tortenstudio<\/a><\/strong><\/p>\n\n            \n        <\/div>\n      <\/div>\n    <\/div>\n  <\/div>\n<\/div>\t<\/div>\n\t<div class=\"mkd-box-item-holder mkd-box-shadow\" style=\"background-color: #dfd9e2\" >\n\t    <div class=\"vc-hoverbox-wrapper  vc-hoverbox-shape--rounded vc-hoverbox-align--center vc-hoverbox-direction--default vc-hoverbox-width--90\"  ontouchstart=\"\">\n  <div class=\"vc-hoverbox\">\n    <div class=\"vc-hoverbox-inner\">\n      <div class=\"vc-hoverbox-block vc-hoverbox-front\" style=\"background-image: url(https:\/\/wortmagie-freie-rednerin.de\/wp-content\/uploads\/2017\/01\/h1-slide-3-background-1024x571.jpg);\">\n        <div class=\"vc-hoverbox-block-inner vc-hoverbox-front-inner\">\n            <h2 style=\"text-align:center\">Haare &amp; Make-up<\/h2>\n        <\/div>\n      <\/div>\n      <div class=\"vc-hoverbox-block vc-hoverbox-back\" style=\"background-color: #ebebeb;\">\n        <div class=\"vc-hoverbox-block-inner vc-hoverbox-back-inner\">\n            \n            <p><strong><a href=\"https:\/\/www.instagram.com\/visagistin_elena.giacin?igsh=ZXFlc3k1MDV6cnQ0\">Visagistin Elena Giacin<\/a><\/strong><\/p>\n<p><strong><a href=\"https:\/\/xn--die-schnheits-manufaktur-roc.de\/\">Die Sch\u00f6nheitsmanufaktur<\/a><\/strong><\/p>\n\n            \n        <\/div>\n      <\/div>\n    <\/div>\n  <\/div>\n<\/div>\t<\/div>\n\t<div class=\"mkd-box-item-holder mkd-box-shadow\" style=\"background-color: #dfd9e2\" >\n\t    <div class=\"vc-hoverbox-wrapper  vc-hoverbox-shape--rounded vc-hoverbox-align--center vc-hoverbox-direction--default vc-hoverbox-width--90\"  ontouchstart=\"\">\n  <div class=\"vc-hoverbox\">\n    <div class=\"vc-hoverbox-inner\">\n      <div class=\"vc-hoverbox-block vc-hoverbox-front\" style=\"background-image: url(https:\/\/wortmagie-freie-rednerin.de\/wp-content\/uploads\/2025\/05\/camera-4914690_1280-1024x682.jpg);\">\n        <div class=\"vc-hoverbox-block-inner vc-hoverbox-front-inner\">\n            <h2 style=\"text-align:center\">Fotografie<\/h2>\n        <\/div>\n      <\/div>\n      <div class=\"vc-hoverbox-block vc-hoverbox-back\" style=\"background-color: #ebebeb;\">\n        <div class=\"vc-hoverbox-block-inner vc-hoverbox-back-inner\">\n            \n            <p><strong><a href=\"\/en\/www.tamarac-photo.de\/\" target=\"_blank\" rel=\"noopener\">Tamara Chorowsky<\/a><\/strong><\/p>\n<p><strong><a href=\"https:\/\/lauraschnitzlerphotography.de\/\">Laura Schnitzler<\/a><\/strong><\/p>\n<p><strong><a href=\"https:\/\/tobias-atzkern.de\/\">Tobias Atzkern<\/a><\/strong><\/p>\n<p><strong><a href=\"https:\/\/www.instagram.com\/nebl_andrea?igsh=c21qbDU0Mzd3YnFm\">Andrea Nebl<\/a><\/strong><\/p>\n<p><strong><a href=\"https:\/\/www.nataschakreiplphotography.de\/\">N<\/a><a href=\"https:\/\/www.nataschakreiplphotography.de\/\">atascha Kreipl<\/a><\/strong><\/p>\n<p><strong><a href=\"http:\/\/www.jessica-wiedemann.com\" target=\"_blank\" rel=\"noopener\">Jessica Wiedemann<\/a><\/strong><\/p>\n<p><strong><a href=\"https:\/\/www.loefflerdesignundphotography.de\/\">L\u00f6ffler Design &amp; Photography<\/a><\/strong><\/p>\n\n            \n        <\/div>\n      <\/div>\n    <\/div>\n  <\/div>\n<\/div>\t<\/div>\n<\/div><\/div><\/div><div class=\"wpb_column vc_column_container vc_col-sm-6 vc_col-has-fill\"><div class=\"vc_column-inner vc_custom_1747658423205\"><div class=\"wpb_wrapper\">\t<div class=\"mkd-box-item-holder mkd-box-shadow\" style=\"background-color: #dfd9e2\" >\n\t    <div class=\"vc-hoverbox-wrapper  vc-hoverbox-shape--rounded vc-hoverbox-align--center vc-hoverbox-direction--default vc-hoverbox-width--90\"  ontouchstart=\"\">\n  <div class=\"vc-hoverbox\">\n    <div class=\"vc-hoverbox-inner\">\n      <div class=\"vc-hoverbox-block vc-hoverbox-front\" style=\"background-image: url(https:\/\/wortmagie-freie-rednerin.de\/wp-content\/uploads\/2016\/06\/product-14-gallery-3-1.jpg);\">\n        <div class=\"vc-hoverbox-block-inner vc-hoverbox-front-inner\">\n            <h2 style=\"text-align:center\">Blumen &amp; Deko<\/h2>\n        <\/div>\n      <\/div>\n      <div class=\"vc-hoverbox-block vc-hoverbox-back\" style=\"background-color: #ebebeb;\">\n        <div class=\"vc-hoverbox-block-inner vc-hoverbox-back-inner\">\n            \n            <p><strong><a href=\"http:\/\/www.gloriosa-wedding.de\" target=\"_blank\" rel=\"noopener\">Gloriosa &#8211; Wedding &amp; Flowers<\/a><\/strong><\/p>\n<p><strong><a href=\"https:\/\/siebenrosen.com\/\">Sie<\/a><a href=\"https:\/\/siebenrosen.com\/\">ben Rosen<\/a><\/strong><\/p>\n<p><strong><a href=\"http:\/\/www.no11-blumen-igling.de\" target=\"_blank\" rel=\"noopener\">No.11 Creative Floristik<\/a><\/strong><\/p>\n<p><strong><a href=\"https:\/\/suessholz.de\/\">S\u00fc\u00dfholz Mietm\u00f6bel<\/a><\/strong><\/p>\n<p><strong><a href=\"https:\/\/www.passionofbinny.com\/miet-mich-\/\">Passion of Binny<\/a><\/strong><\/p>\n<h4><\/h4>\n\n            \n        <\/div>\n      <\/div>\n    <\/div>\n  <\/div>\n<\/div>\t<\/div>\n\t<div class=\"mkd-box-item-holder mkd-box-shadow\" style=\"background-color: #dfd9e2\" >\n\t    <div class=\"vc-hoverbox-wrapper  vc-hoverbox-shape--rounded vc-hoverbox-align--center vc-hoverbox-direction--default vc-hoverbox-width--90\"  ontouchstart=\"\">\n  <div class=\"vc-hoverbox\">\n    <div class=\"vc-hoverbox-inner\">\n      <div class=\"vc-hoverbox-block vc-hoverbox-front\" style=\"background-image: url(https:\/\/wortmagie-freie-rednerin.de\/wp-content\/uploads\/2025\/03\/WhatsApp-Bild-2025-03-14-um-10.32.47_e35ad6b6-1024x682.webp);\">\n        <div class=\"vc-hoverbox-block-inner vc-hoverbox-front-inner\">\n            <h2 style=\"text-align:center\">Musik<\/h2>\n        <\/div>\n      <\/div>\n      <div class=\"vc-hoverbox-block vc-hoverbox-back\" style=\"background-color: #ebebeb;\">\n        <div class=\"vc-hoverbox-block-inner vc-hoverbox-back-inner\">\n            \n            <p><strong><a href=\"https:\/\/rooftop-band.de\/\">Rooftop-Band<\/a><\/strong><\/p>\n<p><strong><a href=\"https:\/\/www.juleenmusic.com\/\">Juleen<\/a><\/strong><\/p>\n<p><strong><a href=\"https:\/\/www.sinaklaizer.com\/\">DJane Sina Klaizer<\/a><\/strong><\/p>\n<p><strong><a href=\"\/en\/www.dj-inna-muenchen.de\/\" target=\"_blank\" rel=\"noopener\">DJane Inna<\/a><\/strong><\/p>\n<p><strong><a href=\"\/en\/www.binesingt.net\/\" target=\"_blank\" rel=\"noopener\">S\u00e4ngerin Bine Trinker<\/a><\/strong><\/p>\n<h4><\/h4>\n\n            \n        <\/div>\n      <\/div>\n    <\/div>\n  <\/div>\n<\/div>\t<\/div>\n\t<div class=\"mkd-box-item-holder mkd-box-shadow\" style=\"background-color: #dfd9e2\" >\n\t    <div class=\"vc-hoverbox-wrapper  vc-hoverbox-shape--rounded vc-hoverbox-align--center vc-hoverbox-direction--default vc-hoverbox-width--90\"  ontouchstart=\"\">\n  <div class=\"vc-hoverbox\">\n    <div class=\"vc-hoverbox-inner\">\n      <div class=\"vc-hoverbox-block vc-hoverbox-front\" style=\"background-image: url(https:\/\/wortmagie-freie-rednerin.de\/wp-content\/uploads\/2016\/06\/product-18-gallery-3.jpg);\">\n        <div class=\"vc-hoverbox-block-inner vc-hoverbox-front-inner\">\n            <h2 style=\"text-align:center\">Schmuck &amp; Accessoires<\/h2>\n        <\/div>\n      <\/div>\n      <div class=\"vc-hoverbox-block vc-hoverbox-back\" style=\"background-color: #ebebeb;\">\n        <div class=\"vc-hoverbox-block-inner vc-hoverbox-back-inner\">\n            \n            <p><strong><a href=\"https:\/\/www.crystalart.de\/newpage\/\">Crystal Art Schmuckdesign<\/a><\/strong><\/p>\n\n            \n        <\/div>\n      <\/div>\n    <\/div>\n  <\/div>\n<\/div>\t<\/div>\n\t<div class=\"mkd-box-item-holder mkd-box-shadow\" style=\"background-color: #dfd9e2\" >\n\t    <div class=\"vc-hoverbox-wrapper  vc-hoverbox-shape--rounded vc-hoverbox-align--center vc-hoverbox-direction--default vc-hoverbox-width--90\"  ontouchstart=\"\">\n  <div class=\"vc-hoverbox\">\n    <div class=\"vc-hoverbox-inner\">\n      <div class=\"vc-hoverbox-block vc-hoverbox-front\" style=\"background-image: url(https:\/\/wortmagie-freie-rednerin.de\/wp-content\/uploads\/2026\/03\/Videograph-1024x576.jpg);\">\n        <div class=\"vc-hoverbox-block-inner vc-hoverbox-front-inner\">\n            <h2 style=\"text-align:center\">Videografen<\/h2>\n        <\/div>\n      <\/div>\n      <div class=\"vc-hoverbox-block vc-hoverbox-back\" style=\"background-color: #ebebeb;\">\n        <div class=\"vc-hoverbox-block-inner vc-hoverbox-back-inner\">\n            \n            <p><strong><a href=\"https:\/\/sunnyweddingfilm.de\/\">Sunny Wedding Film<\/a><\/strong><\/p>\n<p><strong><a href=\"https:\/\/www.instagram.com\/bjoernvideograf?igsh=NHhiaDloYTc3aXk0\">Bj\u00f6rn der Videograf<\/a><\/strong><\/p>\n\n            \n        <\/div>\n      <\/div>\n    <\/div>\n  <\/div>\n<\/div>\t<\/div>\n\t<div class=\"mkd-box-item-holder mkd-box-shadow\" style=\"background-color: #dfd9e2\" >\n\t    <div class=\"vc-hoverbox-wrapper  vc-hoverbox-shape--rounded vc-hoverbox-align--center vc-hoverbox-direction--default vc-hoverbox-width--90\"  ontouchstart=\"\">\n  <div class=\"vc-hoverbox\">\n    <div class=\"vc-hoverbox-inner\">\n      <div class=\"vc-hoverbox-block vc-hoverbox-front\" style=\"background-image: url(https:\/\/wortmagie-freie-rednerin.de\/wp-content\/uploads\/2026\/03\/Kinderfest-756x1024.jpg);\">\n        <div class=\"vc-hoverbox-block-inner vc-hoverbox-front-inner\">\n            <h2 style=\"text-align:center\">Kinder- betreuung<\/h2>\n        <\/div>\n      <\/div>\n      <div class=\"vc-hoverbox-block vc-hoverbox-back\" style=\"background-color: #ebebeb;\">\n        <div class=\"vc-hoverbox-block-inner vc-hoverbox-back-inner\">\n            \n            <p><strong><a href=\"https:\/\/danis-kinderevents.de\/\">Danis Kinderevents<\/a><\/strong><\/p>\n\n            \n        <\/div>\n      <\/div>\n    <\/div>\n  <\/div>\n<\/div>\t<\/div>\n\t<div class=\"mkd-box-item-holder mkd-box-shadow\" style=\"background-color: #dfd9e2\" >\n\t    <div class=\"vc-hoverbox-wrapper  vc-hoverbox-shape--rounded vc-hoverbox-align--center vc-hoverbox-direction--default vc-hoverbox-width--90\"  ontouchstart=\"\">\n  <div class=\"vc-hoverbox\">\n    <div class=\"vc-hoverbox-inner\">\n      <div class=\"vc-hoverbox-block vc-hoverbox-front\" style=\"background-image: url(https:\/\/wortmagie-freie-rednerin.de\/wp-content\/uploads\/2016\/06\/blog-post-img-5-1024x534.jpg);\">\n        <div class=\"vc-hoverbox-block-inner vc-hoverbox-front-inner\">\n            <h2 style=\"text-align:center\">Papeterie<\/h2>\n        <\/div>\n      <\/div>\n      <div class=\"vc-hoverbox-block vc-hoverbox-back\" style=\"background-color: #ebebeb;\">\n        <div class=\"vc-hoverbox-block-inner vc-hoverbox-back-inner\">\n            \n            <p><strong><a href=\"https:\/\/www.schreibgold-atelier.de\/\">Schreibgold Atelier<\/a><\/strong><\/p>\n<p><strong><a href=\"https:\/\/www.instagram.com\/lujas.design?igsh=MTRyNXBwNGdiM2Y4MQ==\">Lujas Design<\/a><\/strong><\/p>\n<p><strong><a href=\"https:\/\/www.instagram.com\/himmelsteil.papeterie?igsh=MXhnaXFnbWJmdnQ2ZA==\">Himmelsteil Papeterie<\/a><\/strong><\/p>\n\n            \n        <\/div>\n      <\/div>\n    <\/div>\n  <\/div>\n<\/div>\t<\/div>\n<\/div><\/div><\/div><\/div><\/div><div data-mkd_header_style=\"mkd-light-header\" class=\"vc_row wpb_row vc_row-fluid mkd-section vc_custom_1752598411259 mkd-content-aligment-center mkd-grid-section\" style=\"\"><div class=\"clearfix mkd-section-inner\"><div class=\"mkd-section-inner-margin clearfix\"><div class=\"wpb_column vc_column_container vc_col-sm-4\"><div class=\"vc_column-inner\"><div class=\"wpb_wrapper\">\n\t<div  class=\"wpb_single_image wpb_content_element vc_align_center wpb_content_element vc_custom_1774546167414\">\n\t\t\n\t\t<figure class=\"wpb_wrapper vc_figure\">\n\t\t\t<a href=\"http:\/\/www.hochzeitsmesse-starnberger-see.de\/\" target=\"_blank\" class=\"vc_single_image-wrapper   vc_box_border_grey\"><img fetchpriority=\"high\" decoding=\"async\" width=\"213\" height=\"300\" src=\"https:\/\/wortmagie-freie-rednerin.de\/wp-content\/uploads\/2026\/03\/Hochzeitsmesse-Kloster-Andechs-Flyer-2027-213x300.jpg\" class=\"vc_single_image-img attachment-medium\" alt=\"\" title=\"Hochzeitsmesse-Kloster-Andechs-Flyer-2027\" srcset=\"https:\/\/wortmagie-freie-rednerin.de\/wp-content\/uploads\/2026\/03\/Hochzeitsmesse-Kloster-Andechs-Flyer-2027-213x300.jpg 213w, https:\/\/wortmagie-freie-rednerin.de\/wp-content\/uploads\/2026\/03\/Hochzeitsmesse-Kloster-Andechs-Flyer-2027-9x12.jpg 9w, https:\/\/wortmagie-freie-rednerin.de\/wp-content\/uploads\/2026\/03\/Hochzeitsmesse-Kloster-Andechs-Flyer-2027.jpg 568w\" sizes=\"(max-width: 213px) 100vw, 213px\" \/><\/a>\n\t\t<\/figure>\n\t<\/div>\n<\/div><\/div><\/div><div class=\"wpb_column vc_column_container vc_col-sm-4\"><div class=\"vc_column-inner\"><div class=\"wpb_wrapper\"><div data-original-height=\"50\" class=\"vc_empty_space\"  style=\"&quot;height:\" 50px&quot;>\n\t<span class=\"vc_empty_space_inner\"><\/span><\/div>\n\n\t<div class=\"wpb_raw_code wpb_raw_html wpb_content_element vc_custom_1774546194810\" >\n\t\t<div class=\"wpb_wrapper\">\n\t\t\t<a href=\"https:\/\/www.hochzeitsportal-muenchen.de\"target=\"_blank\"><img decoding=\"async\" src=\"https:\/\/www.hochzeitsportal-muenchen.de\/bilder\/banner\/15_partner.png\"alt=\"Partner von Hochzeit & Heiraten in M\u00fcnchen, Bayern\"width=\"200\"height=\"200\"><\/a>\n\t\t<\/div>\n\t<\/div>\n<\/div><\/div><\/div><div class=\"wpb_column vc_column_container vc_col-sm-4\"><div class=\"vc_column-inner\"><div class=\"wpb_wrapper\"><div data-original-height=\"50\" class=\"vc_empty_space\"  style=\"&quot;height:\" 50px&quot;>\n\t<span class=\"vc_empty_space_inner\"><\/span><\/div>\n\n\t<div class=\"wpb_raw_code wpb_raw_html wpb_content_element vc_custom_1774546214025\" >\n\t\t<div class=\"wpb_wrapper\">\n\t\t\t<a href=\"https:\/\/www.traucheck.de\/anbieter\/wortmagie-freie-rednerin-barbara-hermann\"><img decoding=\"async\" src=\"https:\/\/www.traucheck.de\/img\/badges\/featured_on_traucheck_200x200.png\"alt=\"Trauredner finden auf traucheck.de\"><\/a>\n\t\t<\/div>\n\t<\/div>\n<\/div><\/div><\/div><\/div><\/div><\/div>\n<\/div>","protected":false},"excerpt":{"rendered":"Meine Partner Mit den Richtigen l\u00e4uft\u00b4s rund! &nbsp; Mal ehrlich: auch der beste Dienstleister ist nur so gut, wie die Leute, mit denen er zusammenarbeitet. Deshalb findest du hier meine Lieblings-Partner - kreative K\u00f6pfe, zuverl\u00e4ssige Profis und echte M\u00f6glichmacher. Gemeinsam sorgen wir daf\u00fcr, dass es...","protected":false},"author":1,"featured_media":0,"parent":0,"menu_order":0,"comment_status":"closed","ping_status":"closed","template":"full-width.php","meta":{"inline_featured_image":false,"footnotes":""},"class_list":["post-13449","page","type-page","status-publish","hentry"],"aioseo_notices":[],"_links":{"self":[{"href":"https:\/\/wortmagie-freie-rednerin.de\/en\/wp-json\/wp\/v2\/pages\/13449","targetHints":{"allow":["GET"]}}],"collection":[{"href":"https:\/\/wortmagie-freie-rednerin.de\/en\/wp-json\/wp\/v2\/pages"}],"about":[{"href":"https:\/\/wortmagie-freie-rednerin.de\/en\/wp-json\/wp\/v2\/types\/page"}],"author":[{"embeddable":true,"href":"https:\/\/wortmagie-freie-rednerin.de\/en\/wp-json\/wp\/v2\/users\/1"}],"replies":[{"embeddable":true,"href":"https:\/\/wortmagie-freie-rednerin.de\/en\/wp-json\/wp\/v2\/comments?post=13449"}],"version-history":[{"count":33,"href":"https:\/\/wortmagie-freie-rednerin.de\/en\/wp-json\/wp\/v2\/pages\/13449\/revisions"}],"predecessor-version":[{"id":14014,"href":"https:\/\/wortmagie-freie-rednerin.de\/en\/wp-json\/wp\/v2\/pages\/13449\/revisions\/14014"}],"wp:attachment":[{"href":"https:\/\/wortmagie-freie-rednerin.de\/en\/wp-json\/wp\/v2\/media?parent=13449"}],"curies":[{"name":"wp","href":"https:\/\/api.w.org\/{rel}","templated":true}]}}