{"id":12939,"date":"2025-03-18T17:06:25","date_gmt":"2025-03-18T17:06:25","guid":{"rendered":"https:\/\/wortmagie-freie-rednerin.de\/?page_id=12939"},"modified":"2025-08-25T18:36:10","modified_gmt":"2025-08-25T18:36:10","slug":"sonstige-leistungen","status":"publish","type":"page","link":"https:\/\/wortmagie-freie-rednerin.de\/en\/sonstige-leistungen\/","title":{"rendered":"Wortmagie &#8211; Sonstige Leistungen"},"content":{"rendered":"<div class=\"wpb-content-wrapper\"><div class=\"vc_row wpb_row vc_row-fluid mkd-section vc_custom_1742305241340 mkd-content-aligment-left\" style=\"\"><div class=\"clearfix mkd-full-section-inner\"><div class=\"wpb_column vc_column_container vc_col-sm-12\"><div class=\"vc_column-inner vc_custom_1743020759135\"><div class=\"wpb_wrapper\"><div class=\"mkd-elements-holder mkd-two-columns mkd-responsive-mode-1024 mkd-one-column-alignment-left\" ><div class=\"mkd-elements-holder-item mkd-horizontal-alignment-left\" data-item-class=\"mkd-elements-holder-custom-307857\" data-1280-1440=\"10% 5% 10% 5%\" data-1024-1280=\"10% 5% 10% 5%\" data-768-1024=\"10% 10% 10% 10%\" data-600-768=\"15% 5% 15% 7%\" data-480-600=\"15% 5% 15% 7%\" data-480=\"15% 5% 15% 7%\" style=\"background-image: url(https:\/\/wortmagie-freie-rednerin.de\/wp-content\/uploads\/2025\/03\/WhatsApp-Bild-2025-03-16-um-10.40.24_002a658d.webp)\">\n\t<div class=\"mkd-elements-holder-item-inner\" style=\"mkd-elements-holder-item-inner\">\n\t\t<div class=\"mkd-elements-holder-item-content mkd-elements-holder-custom-307857\" >\n\t\t\t\n<h2 class=\"mkd-custom-font-holder\" style=\"font-family: Raleway;font-size: 60px;font-weight: 500;text-align: left;color: #ffffff\" data-font-size= \"60\">\nSpecial offers<\/h2><div data-original-height=\"18\" class=\"vc_empty_space  vc_custom_1741863483127\"  style=\"&quot;height:\" 18px&quot;>\n\t<span class=\"vc_empty_space_inner\"><\/span><\/div>\n\n<h4 class=\"mkd-custom-font-holder\" style=\"font-family: Raleway;font-size: 20px;font-weight: 500;text-transform: Uppercase;text-align: left;color: #ffffff\" data-font-size= \"20\">\nI specialize in turning your important moments into unforgettable experiences through carefully crafted speeches. Often, there are people in your circle who would love to give a speech but don\u2019t want to write it themselves. That\u2019s where I come in: whether it\u2019s anniversaries, farewells, birthdays, or other special occasions \u2013 I\u2019ll find the perfect words for you. You handle the delivery, I\u2019ll take care of the content.<\/h4>\t\t<\/div>\n\t<\/div>\n<\/div><div class=\"mkd-elements-holder-item mkd-horizontal-alignment-right\" data-item-class=\"mkd-elements-holder-custom-873396\" data-1280-1440=\"10% 10% 14% 10%\" data-1024-1280=\"10% 10% 14% 10%\" data-768-1024=\"10% 10% 14% 10%\" data-600-768=\"10% 10% 14% 10&amp;\" data-480-600=\"80px 10%\" data-480=\"80px 10%\" style=\"background-color: #fafafa\">\n\t<div class=\"mkd-elements-holder-item-inner\" style=\"mkd-elements-holder-item-inner\">\n\t\t<div class=\"mkd-elements-holder-item-content mkd-elements-holder-custom-873396\" style=\"padding: 10% 10% 10% 10%\">\n\t\t\t\n\t<div class=\"wpb_text_column wpb_content_element vc_custom_1742318187144\" >\n\t\t<div class=\"wpb_wrapper\">\n\t\t\t<h2 style=\"text-align: left;\">Instant-Speech<\/h2>\n\n\t\t<\/div>\n\t<\/div>\n<div data-original-height=\"15\" class=\"vc_empty_space  vc_custom_1742318267194\"  style=\"&quot;height:\" 15px&quot;>\n\t<span class=\"vc_empty_space_inner\"><\/span><\/div>\n<div class=\"mkd-section-subtitle-holder mkd-section-subtitle-left\" style=\"width: 94%\">\n\t<p style=\"color: #645c84;text-align: left\" class=\"mkd-section-subtitle\">Professional speech writing for your special occasions<\/p>\n<\/div><div data-original-height=\"15\" class=\"vc_empty_space  vc_custom_1741503194383\"  style=\"&quot;height:\" 15px&quot;>\n\t<span class=\"vc_empty_space_inner\"><\/span><\/div>\n\n\t<div class=\"wpb_text_column wpb_content_element\" >\n\t\t<div class=\"wpb_wrapper\">\n\t\t\t<h4 class=\"wb-stl-normal\" style=\"text-align: left;\"><strong>Types of events I write for<\/strong><\/h4>\n<p style=\"text-align: left;\"><strong>Jubilees:<\/strong>\u00a0Celebrate your milestones with a speech that highlights your achievements and special moments.<\/p>\n<p style=\"text-align: left;\"><strong>Leaving speeches:<\/strong>\u00a0Say goodbye in a meaningful way and honor the achievements and memories.<\/p>\n<p style=\"text-align: left;\"><strong>Birthdays:<\/strong> Turn birthday celebrations into unforgettable events with a personal and heartfelt speech.<\/p>\n<p>&nbsp;<\/p>\n<h4 class=\"wb-stl-normal\" style=\"text-align: left;\"><strong>Price: \u20ac99 per page of written content\u00a0<\/strong>(Font size 12, Arial font)<\/h4>\n\n\t\t<\/div>\n\t<\/div>\n\t\t<\/div>\n\t<\/div>\n<\/div><\/div><\/div><\/div><\/div><\/div><\/div><div class=\"vc_row wpb_row vc_row-fluid mkd-section vc_custom_1484726737897 mkd-content-aligment-left\" style=\"\"><div class=\"clearfix mkd-full-section-inner\"><div class=\"wpb_column vc_column_container vc_col-sm-12\"><div class=\"vc_column-inner vc_custom_1484297194827\"><div class=\"wpb_wrapper\"><div class=\"mkd-elements-holder mkd-two-columns mkd-responsive-mode-1024 mkd-one-column-alignment-center\" ><div class=\"mkd-elements-holder-item mkd-horizontal-alignment-left\" data-item-class=\"mkd-elements-holder-custom-218178\" data-1280-1440=\"10% 10% 10% 10%\" data-1024-1280=\"10% 10% 10% 10%\" data-768-1024=\"10% 10% 10% 10%\" data-600-768=\"10% 10% 10% 10%\" data-480-600=\"80px 10%\" data-480=\"80px 10%\" style=\"background-color: #d8d4db\">\n\t<div class=\"mkd-elements-holder-item-inner\" style=\"mkd-elements-holder-item-inner\">\n\t\t<div class=\"mkd-elements-holder-item-content mkd-elements-holder-custom-218178\" style=\"padding: 15px 22% 0px 20%\">\n\t\t\t\n\t<div class=\"wpb_text_column wpb_content_element\" >\n\t\t<div class=\"wpb_wrapper\">\n\t\t\t<h3 style=\"text-align: left;\">\u201eRede-to-go\u201c for your free wedding ceremony<\/h3>\n\n\t\t<\/div>\n\t<\/div>\n<div data-original-height=\"15\" class=\"vc_empty_space  vc_custom_1742319409382\"  style=\"&quot;height:\" 15px&quot;>\n\t<span class=\"vc_empty_space_inner\"><\/span><\/div>\n<div class=\"mkd-section-subtitle-holder mkd-section-subtitle-left\" style=\"width: 94%\">\n\t<p style=\"color: #645c84;text-align: left\" class=\"mkd-section-subtitle\">heartfelt. meaningful. emotional.<\/p>\n<\/div><div data-original-height=\"15\" class=\"vc_empty_space  vc_custom_1741503194383\"  style=\"&quot;height:\" 15px&quot;>\n\t<span class=\"vc_empty_space_inner\"><\/span><\/div>\n\n\t<div class=\"wpb_text_column wpb_content_element\" >\n\t\t<div class=\"wpb_wrapper\">\n\t\t\t<p class=\"wb-stl-normal\" style=\"text-align: left;\"><strong>Services:<\/strong><\/p>\n<p class=\"wb-stl-normal\" style=\"text-align: left;\">Complete planning and creation of a wedding speech as well as the entire ceremony planning, without delivering the speech itself. Perfect for couples who want a loved one to officiate their ceremony.<\/p>\n<p>&nbsp;<\/p>\n<p class=\"wb-stl-normal\" style=\"text-align: left;\"><strong>What\u00b4s included<\/strong>:<\/p>\n<p style=\"text-align: left;\"><strong>Per-work:<\/strong>\u00a0Comprehensive interviews to understand your story and wishes, and to incorporate them into the speech.<\/p>\n<p style=\"text-align: left;\"><strong>Wedding ceremony planning:<\/strong>\u00a0Detailed ceremony planning to ensure your day runs smoothly and exactly as you envision.<\/p>\n<p style=\"text-align: left;\"><strong>Support:<\/strong>\u00a0Continuous availability throughout the entire preparation period for questions and adjustments.<\/p>\n<p>&nbsp;<\/p>\n<h4 class=\"wb-stl-normal\" style=\"text-align: left;\"><strong>Kosten: 880 \u20ac<\/strong><\/h4>\n\n\t\t<\/div>\n\t<\/div>\n\t\t<\/div>\n\t<\/div>\n<\/div><div class=\"mkd-elements-holder-item mkd-horizontal-alignment-center\" data-item-class=\"mkd-elements-holder-custom-699273\" data-1280-1440=\"0 50% 0 0\" data-1024-1280=\"0 50% 0\" data-768-1024=\"38%\" data-600-768=\"38%\" data-480-600=\"38%\" data-480=\"38%\" style=\"background-image: url(https:\/\/wortmagie-freie-rednerin.de\/wp-content\/uploads\/2025\/03\/WhatsApp-Bild-2025-03-18-um-18.28.15_c25544a8-e1742319756707.webp)\">\n\t<div class=\"mkd-elements-holder-item-inner\" style=\"mkd-elements-holder-item-inner\">\n\t\t<div class=\"mkd-elements-holder-item-content mkd-elements-holder-custom-699273\" style=\"padding: 48% 35% 0 0\">\n\t\t\t\t\t<\/div>\n\t<\/div>\n<\/div><\/div><\/div><\/div><\/div><\/div><\/div><div class=\"vc_row wpb_row vc_row-fluid mkd-section vc_custom_1484726737897 mkd-content-aligment-left\" style=\"\"><div class=\"clearfix mkd-full-section-inner\"><div class=\"wpb_column vc_column_container vc_col-sm-12\"><div class=\"vc_column-inner vc_custom_1484297194827\"><div class=\"wpb_wrapper\"><div class=\"mkd-elements-holder mkd-two-columns mkd-responsive-mode-1024 mkd-one-column-alignment-center\" ><div class=\"mkd-elements-holder-item mkd-horizontal-alignment-center\" data-item-class=\"mkd-elements-holder-custom-134114\" data-1280-1440=\"0 50% 0 0\" data-1024-1280=\"0 50% 0\" data-768-1024=\"38%\" data-600-768=\"38%\" data-480-600=\"38%\" data-480=\"38%\" style=\"background-image: url(https:\/\/wortmagie-freie-rednerin.de\/wp-content\/uploads\/2025\/08\/IMG_0283.jpeg)\">\n\t<div class=\"mkd-elements-holder-item-inner\" style=\"mkd-elements-holder-item-inner\">\n\t\t<div class=\"mkd-elements-holder-item-content mkd-elements-holder-custom-134114\" style=\"padding: 48% 35% 0 0\">\n\t\t\t\t\t<\/div>\n\t<\/div>\n<\/div><div class=\"mkd-elements-holder-item mkd-horizontal-alignment-left\" data-item-class=\"mkd-elements-holder-custom-611718\" data-1280-1440=\"10% 10% 10% 10%\" data-1024-1280=\"10% 10% 10% 10%\" data-768-1024=\"10% 10% 10% 10%\" data-600-768=\"10% 10% 10% 10%\" data-480-600=\"80px 10%\" data-480=\"80px 10%\" style=\"background-color: #d8d4db\">\n\t<div class=\"mkd-elements-holder-item-inner\" style=\"mkd-elements-holder-item-inner\">\n\t\t<div class=\"mkd-elements-holder-item-content mkd-elements-holder-custom-611718\" style=\"padding: 15px 22% 0px 20%\">\n\t\t\t\n\t<div class=\"wpb_text_column wpb_content_element\" >\n\t\t<div class=\"wpb_wrapper\">\n\t\t\t<h3 style=\"text-align: left;\">Do-it-Yourself Wedding-Workshop<\/h3>\n\n\t\t<\/div>\n\t<\/div>\n<div data-original-height=\"15\" class=\"vc_empty_space  vc_custom_1742319409382\"  style=\"&quot;height:\" 15px&quot;>\n\t<span class=\"vc_empty_space_inner\"><\/span><\/div>\n<div class=\"mkd-section-subtitle-holder mkd-section-subtitle-left\" style=\"width: 94%\">\n\t<p style=\"color: #645c84;text-align: left\" class=\"mkd-section-subtitle\">pers\u00f6nlich. herzlich. herzergreifend.<\/p>\n<\/div><div data-original-height=\"15\" class=\"vc_empty_space  vc_custom_1741503194383\"  style=\"&quot;height:\" 15px&quot;>\n\t<span class=\"vc_empty_space_inner\"><\/span><\/div>\n\n\t<div class=\"wpb_text_column wpb_content_element\" >\n\t\t<div class=\"wpb_wrapper\">\n\t\t\t<p data-start=\"326\" data-end=\"539\"><strong data-start=\"326\" data-end=\"339\">Services:<\/strong><br data-start=\"339\" data-end=\"342\" \/>2-t\u00e4giger Workshop f\u00fcr Freunde &amp; Angeh\u00f6rige, die die Trauung eines Paares selbst gestalten m\u00f6chten. Ihr lernt, wie ihr eine pers\u00f6nliche Rede schreibt, die Zeremonie plant und souver\u00e4n durchf\u00fchrt.<\/p>\n<p data-start=\"541\" data-end=\"566\"><strong data-start=\"541\" data-end=\"564\">What\u00b4s included<\/strong><\/p>\n<ul>\n<li data-start=\"569\" data-end=\"619\">Grundlagen der Redegestaltung &amp; Interviewf\u00fchrung<\/li>\n<li data-start=\"622\" data-end=\"667\">Schreiben und Vortragen eigener Redeausz\u00fcge<\/li>\n<li data-start=\"670\" data-end=\"695\">Ablauf &amp; Rituale planen<\/li>\n<li data-start=\"698\" data-end=\"729\">Mikrofon- &amp; Auftrittstraining<\/li>\n<\/ul>\n\n\t\t<\/div>\n\t<\/div>\n<div class=\"vc_btn3-container vc_btn3-inline vc_custom_1756146771387 vc_do_btn\" ><a class=\"vc_general vc_btn3 vc_btn3-size-md vc_btn3-shape-rounded vc_btn3-style-modern vc_btn3-color-chino\" href=\"https:\/\/wortmagie-freie-rednerin.de\/en\/wedding-workshop\/\" title=\"Wortmagie \u2013 Workshop\">Mehr dazu<\/a><\/div>\t\t<\/div>\n\t<\/div>\n<\/div><\/div><\/div><\/div><\/div><\/div><\/div><div class=\"vc_row wpb_row vc_row-fluid mkd-section vc_custom_1741877722379 mkd-content-aligment-center mkd-grid-section\" style=\"\"><div class=\"clearfix mkd-section-inner\"><div class=\"mkd-section-inner-margin clearfix\"><div class=\"wpb_column vc_column_container vc_col-sm-12\"><div class=\"vc_column-inner\"><div class=\"wpb_wrapper\"><div data-original-height=\"50\" class=\"vc_empty_space\"  style=\"&quot;height:\" 50px&quot;>\n\t<span class=\"vc_empty_space_inner\"><\/span><\/div>\n\n\t<div class=\"wpb_text_column wpb_content_element vc_custom_1742319436801\" >\n\t\t<div class=\"wpb_wrapper\">\n\t\t\t<h4 class=\"wb-stl-heading3\" style=\"text-align: center;\"><strong>Whether it\u2019s a 50th birthday celebration, a heartfelt retirement farewell, or the most important day of your life \u2013 I\u2019m here to bring your story to life with the right words. Professional, personal, and with a touch of humor.<\/strong><\/h4>\n\n\t\t<\/div>\n\t<\/div>\n<div data-original-height=\"50\" class=\"vc_empty_space\"  style=\"&quot;height:\" 50px&quot;>\n\t<span class=\"vc_empty_space_inner\"><\/span><\/div>\n<div class=\"vc_btn3-container vc_btn3-center vc_custom_1747456753981 vc_do_btn\" ><a class=\"vc_general vc_btn3 vc_btn3-size-lg vc_btn3-shape-rounded vc_btn3-style-modern vc_btn3-color-violet\" href=\"https:\/\/wortmagie-freie-rednerin.de\/en\/kontakt-2\/\" title=\"Wortmagie \u2013 Kontakt\">Contact<\/a><\/div><div data-original-height=\"50\" class=\"vc_empty_space\"  style=\"&quot;height:\" 50px&quot;>\n\t<span class=\"vc_empty_space_inner\"><\/span><\/div>\n<\/div><\/div><\/div><\/div><\/div><\/div>\n<\/div>","protected":false},"excerpt":{"rendered":"Sonstige Leistungen Ich habe mich darauf spezialisiert, eure wichtigen Momente durch sorgf\u00e4ltig geschriebene Reden zu unvergesslichen Erlebnissen zu machen. Oft gibt es Menschen in eurem Umfeld, die eine Rede gerne selbst halten, aber nicht schreiben m\u00f6chten. Und da komme ich ins Spiel: Ob Jubil\u00e4en, Verabschiedungen,...","protected":false},"author":1,"featured_media":0,"parent":0,"menu_order":0,"comment_status":"closed","ping_status":"closed","template":"full-width.php","meta":{"inline_featured_image":false,"footnotes":""},"class_list":["post-12939","page","type-page","status-publish","hentry"],"aioseo_notices":[],"_links":{"self":[{"href":"https:\/\/wortmagie-freie-rednerin.de\/en\/wp-json\/wp\/v2\/pages\/12939","targetHints":{"allow":["GET"]}}],"collection":[{"href":"https:\/\/wortmagie-freie-rednerin.de\/en\/wp-json\/wp\/v2\/pages"}],"about":[{"href":"https:\/\/wortmagie-freie-rednerin.de\/en\/wp-json\/wp\/v2\/types\/page"}],"author":[{"embeddable":true,"href":"https:\/\/wortmagie-freie-rednerin.de\/en\/wp-json\/wp\/v2\/users\/1"}],"replies":[{"embeddable":true,"href":"https:\/\/wortmagie-freie-rednerin.de\/en\/wp-json\/wp\/v2\/comments?post=12939"}],"version-history":[{"count":4,"href":"https:\/\/wortmagie-freie-rednerin.de\/en\/wp-json\/wp\/v2\/pages\/12939\/revisions"}],"predecessor-version":[{"id":13695,"href":"https:\/\/wortmagie-freie-rednerin.de\/en\/wp-json\/wp\/v2\/pages\/12939\/revisions\/13695"}],"wp:attachment":[{"href":"https:\/\/wortmagie-freie-rednerin.de\/en\/wp-json\/wp\/v2\/media?parent=12939"}],"curies":[{"name":"wp","href":"https:\/\/api.w.org\/{rel}","templated":true}]}}