{"id":12584,"date":"2025-03-14T12:45:47","date_gmt":"2025-03-14T12:45:47","guid":{"rendered":"https:\/\/wortmagie-freie-rednerin.de\/?page_id=12584"},"modified":"2025-07-11T06:20:46","modified_gmt":"2025-07-11T06:20:46","slug":"kontakt-2","status":"publish","type":"page","link":"https:\/\/wortmagie-freie-rednerin.de\/en\/kontakt-2\/","title":{"rendered":"Wortmagie &#8211; Kontakt"},"content":{"rendered":"<div class=\"wpb-content-wrapper\"><div class=\"vc_row wpb_row vc_row-fluid mkd-section vc_custom_1486049191185 mkd-content-aligment-left mkd-grid-section\" style=\"\"><div class=\"clearfix mkd-section-inner\"><div class=\"mkd-section-inner-margin clearfix\"><div class=\"wpb_column vc_column_container vc_col-sm-12\"><div class=\"vc_column-inner vc_custom_1742154960523\"><div class=\"wpb_wrapper\"><div class=\"mkd-section-title-holder\">\n\t<h2 class=\"mkd-section-title\" style=\"text-align: center\">\n\t\tLet\u00b4s talk about your plans!    <\/h2>\n<\/div><div class=\"mkd-separator-with-icon-holder clearfix mkd-default-icon\" style=\"margin-top: 7px;margin-bottom: 18px\">\n\n\t<span class=\"mkd-separator-left\" ><\/span>\n\t\t\t<div class=\"mkd-default-icon-holder\" ><\/div>\n\t\t<span class=\"mkd-separator-right\" ><\/span>\n<\/div>\n\t<div class=\"wpb_text_column wpb_content_element vc_custom_1741432060262\" >\n\t\t<div class=\"wpb_wrapper\">\n\t\t\t<p style=\"text-align: center;\">Are you interested in a non-denominational wedding ceremony, a vow renewal, or celebrating the arrival of a new family member with a naming ceremony?<\/p>\n<p style=\"text-align: center;\"><strong>Then get in touch! Together, we\u2019ll create a heartfelt ceremony that\u2019s just as unique as you and your love.<\/strong><\/p>\n\n\t\t<\/div>\n\t<\/div>\n<div data-original-height=\"77\" class=\"vc_empty_space\"  style=\"&quot;height:\" 77px&quot;>\n\t<span class=\"vc_empty_space_inner\"><\/span><\/div>\n\n<div class=\"wpcf7 no-js\" id=\"wpcf7-f11800-o1\" lang=\"de-DE\" dir=\"ltr\" data-wpcf7-id=\"11800\">\n<div class=\"screen-reader-response\"><p role=\"status\" aria-live=\"polite\" aria-atomic=\"true\"><\/p> <ul><\/ul><\/div>\n<form action=\"\/en\/wp-json\/wp\/v2\/pages\/12584#wpcf7-f11800-o1\" method=\"post\" class=\"wpcf7-form init\" aria-label=\"Kontaktformular\" novalidate=\"novalidate\" data-status=\"init\" data-trp-original-action=\"\/en\/wp-json\/wp\/v2\/pages\/12584#wpcf7-f11800-o1\">\n<fieldset class=\"hidden-fields-container\"><input type=\"hidden\" name=\"_wpcf7\" value=\"11800\" \/><input type=\"hidden\" name=\"_wpcf7_version\" value=\"6.1.5\" \/><input type=\"hidden\" name=\"_wpcf7_locale\" value=\"de_DE\" \/><input type=\"hidden\" name=\"_wpcf7_unit_tag\" value=\"wpcf7-f11800-o1\" \/><input type=\"hidden\" name=\"_wpcf7_container_post\" value=\"0\" \/><input type=\"hidden\" name=\"_wpcf7_posted_data_hash\" value=\"\" \/><input type=\"hidden\" name=\"_wpcf7_recaptcha_response\" value=\"\" \/>\n<\/fieldset>\n<p><label> Name *<br \/>\n<span class=\"wpcf7-form-control-wrap\" data-name=\"your-name\"><input size=\"40\" maxlength=\"400\" class=\"wpcf7-form-control wpcf7-text wpcf7-validates-as-required\" aria-required=\"true\" aria-invalid=\"false\" value=\"\" type=\"text\" name=\"your-name\" \/><\/span> <\/label>\n<\/p>\n<p><label> E-Mail-Adresse *<br \/>\n<span class=\"wpcf7-form-control-wrap\" data-name=\"your-email\"><input size=\"40\" maxlength=\"400\" class=\"wpcf7-form-control wpcf7-email wpcf7-validates-as-required wpcf7-text wpcf7-validates-as-email\" aria-required=\"true\" aria-invalid=\"false\" value=\"\" type=\"email\" name=\"your-email\" \/><\/span> <\/label>\n<\/p>\n<p><label> Phonenumber<br \/>\n<span class=\"wpcf7-form-control-wrap\" data-name=\"your-phone\"><input size=\"40\" maxlength=\"400\" class=\"wpcf7-form-control wpcf7-tel wpcf7-text wpcf7-validates-as-tel\" aria-invalid=\"false\" value=\"\" type=\"tel\" name=\"your-phone\" \/><\/span> <\/label>\n<\/p>\n<p><label> Date of the ceremony<br \/>\n<span class=\"wpcf7-form-control-wrap\" data-name=\"your-date\"><input class=\"wpcf7-form-control wpcf7-date wpcf7-validates-as-date\" aria-invalid=\"false\" value=\"\" type=\"date\" name=\"your-date\" \/><\/span> <\/label>\n<\/p>\n<p><label> Location of the ceremony<br \/>\n<span class=\"wpcf7-form-control-wrap\" data-name=\"your-location\"><input size=\"40\" maxlength=\"400\" class=\"wpcf7-form-control wpcf7-text\" aria-invalid=\"false\" value=\"\" type=\"text\" name=\"your-location\" \/><\/span> <\/label>\n<\/p>\n<p><label> Your message for me:<br \/>\n<span class=\"wpcf7-form-control-wrap\" data-name=\"your-message\"><textarea cols=\"40\" rows=\"10\" maxlength=\"2000\" class=\"wpcf7-form-control wpcf7-textarea\" aria-invalid=\"false\" name=\"your-message\"><\/textarea><\/span> <\/label>\n<\/p>\n<p><input class=\"wpcf7-form-control wpcf7-submit has-spinner\" type=\"submit\" value=\"Submit\" \/>\n<\/p><div class=\"wpcf7-response-output\" aria-hidden=\"true\"><\/div>\n<input type=\"hidden\" name=\"trp-form-language\" value=\"en\"\/><\/form>\n<\/div>\n<\/div><\/div><\/div><\/div><\/div><\/div>\n<\/div>","protected":false},"excerpt":{"rendered":"Lasst uns \u00fcber eure Pl\u00e4ne reden! Ihr seid an einer Freien Trauung oder einer Erneuerung eures Eheversprechens interessiert oder m\u00f6chtet die Ankunft eines neuen Familienmitglieds mithilfe eines Kinderwillkommensfests feiern? Dann schreibt mir! Gemeinsam gestalten wir eine liebevolle Zeremonie, die genauso einzigartig ist, wie ihr und...","protected":false},"author":1,"featured_media":0,"parent":0,"menu_order":0,"comment_status":"closed","ping_status":"closed","template":"full-width.php","meta":{"inline_featured_image":false,"footnotes":""},"class_list":["post-12584","page","type-page","status-publish","hentry"],"aioseo_notices":[],"_links":{"self":[{"href":"https:\/\/wortmagie-freie-rednerin.de\/en\/wp-json\/wp\/v2\/pages\/12584","targetHints":{"allow":["GET"]}}],"collection":[{"href":"https:\/\/wortmagie-freie-rednerin.de\/en\/wp-json\/wp\/v2\/pages"}],"about":[{"href":"https:\/\/wortmagie-freie-rednerin.de\/en\/wp-json\/wp\/v2\/types\/page"}],"author":[{"embeddable":true,"href":"https:\/\/wortmagie-freie-rednerin.de\/en\/wp-json\/wp\/v2\/users\/1"}],"replies":[{"embeddable":true,"href":"https:\/\/wortmagie-freie-rednerin.de\/en\/wp-json\/wp\/v2\/comments?post=12584"}],"version-history":[{"count":1,"href":"https:\/\/wortmagie-freie-rednerin.de\/en\/wp-json\/wp\/v2\/pages\/12584\/revisions"}],"predecessor-version":[{"id":13524,"href":"https:\/\/wortmagie-freie-rednerin.de\/en\/wp-json\/wp\/v2\/pages\/12584\/revisions\/13524"}],"wp:attachment":[{"href":"https:\/\/wortmagie-freie-rednerin.de\/en\/wp-json\/wp\/v2\/media?parent=12584"}],"curies":[{"name":"wp","href":"https:\/\/api.w.org\/{rel}","templated":true}]}}