{"id":12451,"date":"2025-03-13T20:16:52","date_gmt":"2025-03-13T20:16:52","guid":{"rendered":"https:\/\/wortmagie-freie-rednerin.de\/?page_id=12451"},"modified":"2025-05-18T12:32:13","modified_gmt":"2025-05-18T12:32:13","slug":"kinderwillkommensfest","status":"publish","type":"page","link":"https:\/\/wortmagie-freie-rednerin.de\/en\/kinderwillkommensfest\/","title":{"rendered":"Wortmagie &#8211; Kinderwillkommensfest"},"content":{"rendered":"<div class=\"wpb-content-wrapper\"><div class=\"vc_row wpb_row vc_row-fluid mkd-section vc_custom_1743019607705 mkd-content-aligment-left\" style=\"\"><div class=\"clearfix mkd-full-section-inner\"><div class=\"wpb_column vc_column_container vc_col-sm-12 vc_col-has-fill\"><div class=\"vc_column-inner vc_custom_1743019622561\"><div class=\"wpb_wrapper\"><div class=\"mkd-elements-holder mkd-two-columns mkd-responsive-mode-1024 mkd-one-column-alignment-left\" ><div class=\"mkd-elements-holder-item mkd-horizontal-alignment-left\" data-item-class=\"mkd-elements-holder-custom-110337\" data-1280-1440=\"10% 5% 10% 5%\" data-1024-1280=\"10% 5% 10% 5%\" data-768-1024=\"15% 5% 15% 7%\" data-600-768=\"15% 5% 15% 7%\" data-480-600=\"15% 5% 15% 7%\" data-480=\"15% 5% 15% 7%\" style=\"background-color: #000000;background-image: url(https:\/\/wortmagie-freie-rednerin.de\/wp-content\/uploads\/2025\/03\/IMG_8562-e1741951457835.webp)\">\n\t<div class=\"mkd-elements-holder-item-inner\" style=\"mkd-elements-holder-item-inner\">\n\t\t<div class=\"mkd-elements-holder-item-content mkd-elements-holder-custom-110337\" style=\"padding: 10% 0\">\n\t\t\t\n<h2 class=\"mkd-custom-font-holder\" style=\"font-family: Raleway;font-size: 49px;font-weight: 500;text-align: left;color: #ffffff\" data-font-size= \"49\">\nNaming<\/h2>\n<h2 class=\"mkd-custom-font-holder\" style=\"font-family: Raleway;font-size: 49px;font-weight: 500;text-align: left;color: #ffffff\" data-font-size= \"49\">\nCeremony<\/h2><div data-original-height=\"18\" class=\"vc_empty_space  vc_custom_1741863483127\"  style=\"&quot;height:\" 18px&quot;>\n\t<span class=\"vc_empty_space_inner\"><\/span><\/div>\n\n<h4 class=\"mkd-custom-font-holder\" style=\"font-family: Raleway;font-size: 20px;font-weight: 500;text-transform: Uppercase;text-align: left;color: #ffffff\" data-font-size= \"20\">\nWelcoming a child into the family is one of life\u2019s most beautiful experiences. But what if you want a celebration that\u2019s free from religious ties yet full of meaning and emotion? That\u2019s where I come in \u2014 as your personalized celebrant for child welcoming ceremonies, also known as a non-religious christening. I tailor this special moment entirely to your wishes and vision.<\/h4>\t\t<\/div>\n\t<\/div>\n<\/div><div class=\"mkd-elements-holder-item mkd-horizontal-alignment-right\" data-item-class=\"mkd-elements-holder-custom-123710\" data-1280-1440=\"10% 10% 14% 10%\" data-1024-1280=\"10% 10% 14% 10%\" data-768-1024=\"10% 10% 14% 10%\" data-600-768=\"10% 10% 14% 10&amp;\" data-480-600=\"80px 10%\" data-480=\"80px 10%\" style=\"background-color: #fafafa\">\n\t<div class=\"mkd-elements-holder-item-inner\" style=\"mkd-elements-holder-item-inner\">\n\t\t<div class=\"mkd-elements-holder-item-content mkd-elements-holder-custom-123710\" style=\"padding: 10% 10% 10% 10%\">\n\t\t\t\n\t<div class=\"wpb_text_column wpb_content_element vc_custom_1742305141589\" >\n\t\t<div class=\"wpb_wrapper\">\n\t\t\t<h3 style=\"text-align: left;\">What is a Naming ceremony?<\/h3>\n\n\t\t<\/div>\n\t<\/div>\n<div data-original-height=\"20\" class=\"vc_empty_space  vc_custom_1741947755661\"  style=\"&quot;height:\" 20px&quot;>\n\t<span class=\"vc_empty_space_inner\"><\/span><\/div>\n<div data-original-height=\"20\" class=\"vc_empty_space  vc_custom_1741503173328\"  style=\"&quot;height:\" 20px&quot;>\n\t<span class=\"vc_empty_space_inner\"><\/span><\/div>\n<div class=\"mkd-section-subtitle-holder mkd-section-subtitle-left\" style=\"width: 94%\">\n\t<p style=\"color: #645c84;text-align: left\" class=\"mkd-section-subtitle\">A celebration for your little sunshine!<\/p>\n<\/div>\n\t<div class=\"wpb_text_column wpb_content_element vc_custom_1741897879816\" >\n\t\t<div class=\"wpb_wrapper\">\n\t\t\t<p style=\"text-align: left;\">A naming ceremony is a great <strong>alternative to the traditional christening.<\/strong>It\u00b4s a celebration, that <strong>welcomes your child<\/strong> into your family and your community <strong>,<\/strong> expressing your <strong>values, hopes and wishes for the future<\/strong> of your child. <strong>Without religious guidelines,<\/strong> we can create a ceremony that truly fits you and your family.<\/p>\n\n\t\t<\/div>\n\t<\/div>\n\t\t<\/div>\n\t<\/div>\n<\/div><\/div><\/div><\/div><\/div><\/div><\/div><div class=\"vc_row wpb_row vc_row-fluid mkd-section vc_custom_1484726737897 mkd-content-aligment-left\" style=\"\"><div class=\"clearfix mkd-full-section-inner\"><div class=\"wpb_column vc_column_container vc_col-sm-12\"><div class=\"vc_column-inner vc_custom_1484297194827\"><div class=\"wpb_wrapper\"><div class=\"mkd-elements-holder mkd-two-columns mkd-responsive-mode-1024 mkd-one-column-alignment-center\" ><div class=\"mkd-elements-holder-item mkd-horizontal-alignment-left\" data-item-class=\"mkd-elements-holder-custom-592631\" data-1280-1440=\"10% 10% 10% 10%\" data-1024-1280=\"10% 10% 10% 10%\" data-768-1024=\"10% 10% 10% 10%\" data-600-768=\"10% 10% 10% 10%\" data-480-600=\"80px 10%\" data-480=\"80px 10%\" style=\"background-color: #d8d4db\">\n\t<div class=\"mkd-elements-holder-item-inner\" style=\"mkd-elements-holder-item-inner\">\n\t\t<div class=\"mkd-elements-holder-item-content mkd-elements-holder-custom-592631\" style=\"padding: 15px 22% 0px 20%\">\n\t\t\t\n\t<div class=\"wpb_text_column wpb_content_element\" >\n\t\t<div class=\"wpb_wrapper\">\n\t\t\t<h3 style=\"text-align: left;\">The right choice as a mom of three?<\/h3>\n\n\t\t<\/div>\n\t<\/div>\n<div data-original-height=\"20\" class=\"vc_empty_space  vc_custom_1741503173328\"  style=\"&quot;height:\" 20px&quot;>\n\t<span class=\"vc_empty_space_inner\"><\/span><\/div>\n<div class=\"mkd-section-subtitle-holder mkd-section-subtitle-left\" style=\"width: 94%\">\n\t<p style=\"color: #645c84;text-align: left\" class=\"mkd-section-subtitle\">warm. personal. unique.<\/p>\n<\/div><div data-original-height=\"20\" class=\"vc_empty_space  vc_custom_1741947774804\"  style=\"&quot;height:\" 20px&quot;>\n\t<span class=\"vc_empty_space_inner\"><\/span><\/div>\n\n\t<div class=\"wpb_text_column wpb_content_element vc_custom_1741901404701\" >\n\t\t<div class=\"wpb_wrapper\">\n\t\t\t<p class=\"wb-stl-normal\" style=\"text-align: left;\">As a mother of three, I have <strong>extensive experience<\/strong> and <strong>deep<\/strong><strong>understanding<\/strong> of working with children and the <strong>diverse needs of young families.<\/strong>Through my<strong> own journey as a mother,<\/strong> I\u00b4ve learned, how important it is to celebrate and cherish <strong>the special moments in our children\u00b4s lifes<\/strong> .<\/p>\n<p class=\"wb-stl-normal\" style=\"text-align: left;\">My passion for planning and creating celebrations allows me to make every <strong>Naming Ceremony <\/strong>with <strong>love for detail<\/strong> and <strong>creativity<\/strong> to an <strong>unforgettable experience<\/strong> . I place great importance on creating a <strong>warm and inviting atmosphere,<\/strong> where every family member feels comfortable<\/p>\n<p class=\"wb-stl-normal\" style=\"text-align: left;\">With <strong>empathie<\/strong> and <strong>dedication<\/strong> I design each celebration individually, ensuring it meets the unique needs and wishes of every family. <strong>Trust in my experience<\/strong> and dedication to create a beautiful and meaningful <strong>welcome for your child<\/strong> .<\/p>\n\n\t\t<\/div>\n\t<\/div>\n\t\t<\/div>\n\t<\/div>\n<\/div><div class=\"mkd-elements-holder-item mkd-horizontal-alignment-center\" data-item-class=\"mkd-elements-holder-custom-250139\" data-1280-1440=\"0 50% 0 0\" data-1024-1280=\"0 50% 0\" data-768-1024=\"38%\" data-600-768=\"38%\" data-480-600=\"38%\" data-480=\"38%\" style=\"background-image: url(https:\/\/wortmagie-freie-rednerin.de\/wp-content\/uploads\/2025\/03\/IMG_4428-e1741947622997.jpeg)\">\n\t<div class=\"mkd-elements-holder-item-inner\" style=\"mkd-elements-holder-item-inner\">\n\t\t<div class=\"mkd-elements-holder-item-content mkd-elements-holder-custom-250139\" style=\"padding: 48% 35% 0 0\">\n\t\t\t\t\t<\/div>\n\t<\/div>\n<\/div><\/div><\/div><\/div><\/div><\/div><\/div><div class=\"vc_row wpb_row vc_row-fluid mkd-section vc_custom_1741877722379 mkd-content-aligment-center mkd-grid-section\" style=\"\"><div class=\"clearfix mkd-section-inner\"><div class=\"mkd-section-inner-margin clearfix\"><div class=\"wpb_column vc_column_container vc_col-sm-12\"><div class=\"vc_column-inner\"><div class=\"wpb_wrapper\">\n\t<div class=\"wpb_text_column wpb_content_element vc_custom_1741903118238\" >\n\t\t<div class=\"wpb_wrapper\">\n\t\t\t<h3 style=\"text-align: center;\">On the day of your naming ceremony, you\u2019ll receive the all-inclusive carefree package from me:<\/h3>\n\n\t\t<\/div>\n\t<\/div>\n<div class=\"mkd-process-holder mkd-process-holder-items-four\">\n\t<div class=\"mkd-process-inner\">\n\t\t<div class=\"mkd-process-item-holder light\">\n\t<div class=\"mkd-pi-holder-inner\">\n\t\t\t\t\t<div class=\"mkd-number-holder-inner\">\n\t\t\t\t<span>1<\/span>\n\n\t\t\t\t<div class=\"mkd-border\" style=\"background-image: url(https:\/\/wortmagie-freie-rednerin.de\/wp-content\/uploads\/2025\/03\/IMG_8755.webp);background-color: transparent\"><\/div>\n\t\t\t<\/div>\n\t\t\n\t\t<div class=\"mkd-pi-content-holder\">\n\t\t\t\t\t\t\t<div class=\"mkd-pi-title-holder\">\n\t\t\t\t\t<h4 class=\"mkd-pi-title\">Early arrival<\/h4>\n\t\t\t\t<\/div>\n\t\t\t\n\t\t\t\t\t\t\t<div class=\"mkd-pi-text-holder\">\n\t\t\t\t\t<p>I arrive early to prepare everything and give your child the chance to get to know me a little beforehand.<\/p>\n\t\t\t\t<\/div>\n\t\t\t\t\t<\/div>\n\t<\/div>\n<\/div><div class=\"mkd-process-item-holder light\">\n\t<div class=\"mkd-pi-holder-inner\">\n\t\t\t\t\t<div class=\"mkd-number-holder-inner\">\n\t\t\t\t<span>2<\/span>\n\n\t\t\t\t<div class=\"mkd-border\" style=\"background-image: url(https:\/\/wortmagie-freie-rednerin.de\/wp-content\/uploads\/2017\/02\/wedding-planner-slide-1-background-1-e1741876849994.jpg);background-color: transparent\"><\/div>\n\t\t\t<\/div>\n\t\t\n\t\t<div class=\"mkd-pi-content-holder\">\n\t\t\t\t\t\t\t<div class=\"mkd-pi-title-holder\">\n\t\t\t\t\t<h4 class=\"mkd-pi-title\">Support with empathie<\/h4>\n\t\t\t\t<\/div>\n\t\t\t\n\t\t\t\t\t\t\t<div class=\"mkd-pi-text-holder\">\n\t\t\t\t\t<p>I\u2019ll be by your side with advice and support, calming nerves and helping you stay focused on the moment.<\/p>\n\t\t\t\t<\/div>\n\t\t\t\t\t<\/div>\n\t<\/div>\n<\/div><div class=\"mkd-process-item-holder light\">\n\t<div class=\"mkd-pi-holder-inner\">\n\t\t\t\t\t<div class=\"mkd-number-holder-inner\">\n\t\t\t\t<span>3<\/span>\n\n\t\t\t\t<div class=\"mkd-border\" style=\"background-image: url(https:\/\/wortmagie-freie-rednerin.de\/wp-content\/uploads\/2025\/03\/IMG_8754.webp);background-color: transparent\"><\/div>\n\t\t\t<\/div>\n\t\t\n\t\t<div class=\"mkd-pi-content-holder\">\n\t\t\t\t\t\t\t<div class=\"mkd-pi-title-holder\">\n\t\t\t\t\t<h4 class=\"mkd-pi-title\">Durchf\u00fchrung der Freien Taufe<\/h4>\n\t\t\t\t<\/div>\n\t\t\t\n\t\t\t\t\t\t\t<div class=\"mkd-pi-text-holder\">\n\t\t\t\t\t<p>I will guide you through the ceremony, lead the rituals, and ensure your celebration is just as unique as you envision it.<\/p>\n\t\t\t\t<\/div>\n\t\t\t\t\t<\/div>\n\t<\/div>\n<\/div><div class=\"mkd-process-item-holder light\">\n\t<div class=\"mkd-pi-holder-inner\">\n\t\t\t\t\t<div class=\"mkd-number-holder-inner\">\n\t\t\t\t<span>4<\/span>\n\n\t\t\t\t<div class=\"mkd-border\" style=\"background-image: url(https:\/\/wortmagie-freie-rednerin.de\/wp-content\/uploads\/2025\/03\/IMG_8756.webp);background-color: transparent\"><\/div>\n\t\t\t<\/div>\n\t\t\n\t\t<div class=\"mkd-pi-content-holder\">\n\t\t\t\t\t\t\t<div class=\"mkd-pi-title-holder\">\n\t\t\t\t\t<h4 class=\"mkd-pi-title\">Soundtrack for your ceremony<\/h4>\n\t\t\t\t<\/div>\n\t\t\t\n\t\t\t\t\t\t\t<div class=\"mkd-pi-text-holder\">\n\t\t\t\t\t<p>If there\u00b4s no live music, I provide pre-selected recorded music to accompany the ceremony and create a meaningful atmosphere.<\/p>\n\t\t\t\t<\/div>\n\t\t\t\t\t<\/div>\n\t<\/div>\n<\/div>\t<\/div>\n<\/div><div data-original-height=\"50\" class=\"vc_empty_space\"  style=\"&quot;height:\" 50px&quot;>\n\t<span class=\"vc_empty_space_inner\"><\/span><\/div>\n\n\t<div class=\"wpb_text_column wpb_content_element vc_custom_1741902834731\" >\n\t\t<div class=\"wpb_wrapper\">\n\t\t\t<p class=\"wb-stl-normal\" style=\"text-align: center;\">A <strong>Naming Ceremony<\/strong> is a special opportunity to give your child and your family <strong>joy<\/strong>, <strong>love<\/strong> and <strong>togetherness<\/strong> Let\u00b4s make this day to a <strong>unforgettable experience<\/strong> together. With my support, the celebration will be not just a memory, but a <strong>a living expression of your love to your child.<\/strong>.<\/p>\n<p class=\"wb-stl-normal\" style=\"text-align: center;\"><strong>Contact me for a no-obligation consultation.<\/strong>I\u2019m excited to get to know you and your story, and to create this special moment together.<\/p>\n\n\t\t<\/div>\n\t<\/div>\n<div data-original-height=\"50\" class=\"vc_empty_space\"  style=\"&quot;height:\" 50px&quot;>\n\t<span class=\"vc_empty_space_inner\"><\/span><\/div>\n<div class=\"vc_btn3-container vc_btn3-center vc_custom_1747464431344 vc_do_btn\" ><a class=\"vc_general vc_btn3 vc_btn3-size-lg vc_btn3-shape-rounded vc_btn3-style-modern vc_btn3-color-violet\" href=\"https:\/\/wortmagie-freie-rednerin.de\/en\/kontakt-2\/\" title=\"Wortmagie \u2013 Kontakt\">Contact<\/a><\/div><div data-original-height=\"50\" class=\"vc_empty_space\"  style=\"&quot;height:\" 50px&quot;>\n\t<span class=\"vc_empty_space_inner\"><\/span><\/div>\n<\/div><\/div><\/div><\/div><\/div><\/div>\n<\/div>","protected":false},"excerpt":{"rendered":"Kinder- willkommensfest Ein Kind in der Familie willkommen zu hei\u00dfen, ist eines der sch\u00f6nsten Erlebnisse im Leben. Doch was, wenn ihr euch eine Feier w\u00fcnscht, die frei von religi\u00f6sen Bindungen ist und dennoch voller Bedeutung und Emotion? Genau hier komme ich ins Spiel \u2013 als...","protected":false},"author":1,"featured_media":0,"parent":0,"menu_order":0,"comment_status":"closed","ping_status":"closed","template":"full-width.php","meta":{"inline_featured_image":false,"footnotes":""},"class_list":["post-12451","page","type-page","status-publish","hentry"],"aioseo_notices":[],"_links":{"self":[{"href":"https:\/\/wortmagie-freie-rednerin.de\/en\/wp-json\/wp\/v2\/pages\/12451","targetHints":{"allow":["GET"]}}],"collection":[{"href":"https:\/\/wortmagie-freie-rednerin.de\/en\/wp-json\/wp\/v2\/pages"}],"about":[{"href":"https:\/\/wortmagie-freie-rednerin.de\/en\/wp-json\/wp\/v2\/types\/page"}],"author":[{"embeddable":true,"href":"https:\/\/wortmagie-freie-rednerin.de\/en\/wp-json\/wp\/v2\/users\/1"}],"replies":[{"embeddable":true,"href":"https:\/\/wortmagie-freie-rednerin.de\/en\/wp-json\/wp\/v2\/comments?post=12451"}],"version-history":[{"count":0,"href":"https:\/\/wortmagie-freie-rednerin.de\/en\/wp-json\/wp\/v2\/pages\/12451\/revisions"}],"wp:attachment":[{"href":"https:\/\/wortmagie-freie-rednerin.de\/en\/wp-json\/wp\/v2\/media?parent=12451"}],"curies":[{"name":"wp","href":"https:\/\/api.w.org\/{rel}","templated":true}]}}